{"id":513,"date":"2025-11-09T23:38:06","date_gmt":"2025-11-09T23:38:06","guid":{"rendered":"http:\/\/daviddominguezdesign.es\/?page_id=513"},"modified":"2025-11-20T14:10:38","modified_gmt":"2025-11-20T14:10:38","slug":"comunidades-energeticas-lugo","status":"publish","type":"page","link":"https:\/\/www.daviddominguezdesign.es\/?page_id=513","title":{"rendered":"CEL"},"content":{"rendered":"\n<figure class=\"wp-block-image size-large\"><img fetchpriority=\"high\" decoding=\"async\" width=\"1024\" height=\"576\" src=\"https:\/\/daviddominguezdesign.es\/wp-content\/uploads\/2025\/11\/LOGO-CEL-CONSTRUCCION-1024x576.jpg\" alt=\"\" class=\"wp-image-518\" srcset=\"https:\/\/www.daviddominguezdesign.es\/wp-content\/uploads\/2025\/11\/LOGO-CEL-CONSTRUCCION-1024x576.jpg 1024w, https:\/\/www.daviddominguezdesign.es\/wp-content\/uploads\/2025\/11\/LOGO-CEL-CONSTRUCCION-300x169.jpg 300w, https:\/\/www.daviddominguezdesign.es\/wp-content\/uploads\/2025\/11\/LOGO-CEL-CONSTRUCCION-768x432.jpg 768w, https:\/\/www.daviddominguezdesign.es\/wp-content\/uploads\/2025\/11\/LOGO-CEL-CONSTRUCCION-1536x864.jpg 1536w, https:\/\/www.daviddominguezdesign.es\/wp-content\/uploads\/2025\/11\/LOGO-CEL-CONSTRUCCION.jpg 1920w\" sizes=\"(max-width: 1024px) 100vw, 1024px\" \/><\/figure>\n\n\n\n<p class=\"has-primary-color has-text-color has-link-color wp-elements-6d778a7bea96690f09d166e7b6e4d2fe\">El logotipo de las comunidades energ\u00e9ticas de Lugo (CEL) representa la uni\u00f3n entre historia, sostenibilidad y naturaleza. La letra \u201ce\u201d incorpora un puente romano en verde y un r\u00edo en azul, simbolizando herencia cultural, energ\u00eda y conexi\u00f3n con el mar. Los colores reflejan el entorno rural y la sostenibilidad (verde) junto con el mar y las energ\u00edas marinas (azul). La tipograf\u00eda Metropolis aporta simplicidad y modernidad. El dise\u00f1o fue encargado por la Confederaci\u00f3n de Empresarios de Lugo dentro del proyecto \u201cComunidades Energ\u00e9ticas Rurales en Acci\u00f3n\u201d para dar identidad visual a la Oficina de Transformaci\u00f3n Comunitaria, promotora de la transici\u00f3n energ\u00e9tica en la provincia.<\/p>\n\n\n\n<figure class=\"wp-block-image size-large\"><img decoding=\"async\" width=\"1024\" height=\"768\" src=\"https:\/\/daviddominguezdesign.es\/wp-content\/uploads\/2025\/11\/LOGO-CEL-2-1024x768.jpg\" alt=\"\" class=\"wp-image-583\" srcset=\"https:\/\/www.daviddominguezdesign.es\/wp-content\/uploads\/2025\/11\/LOGO-CEL-2-1024x768.jpg 1024w, https:\/\/www.daviddominguezdesign.es\/wp-content\/uploads\/2025\/11\/LOGO-CEL-2-300x225.jpg 300w, https:\/\/www.daviddominguezdesign.es\/wp-content\/uploads\/2025\/11\/LOGO-CEL-2-768x576.jpg 768w, https:\/\/www.daviddominguezdesign.es\/wp-content\/uploads\/2025\/11\/LOGO-CEL-2-1536x1152.jpg 1536w, https:\/\/www.daviddominguezdesign.es\/wp-content\/uploads\/2025\/11\/LOGO-CEL-2-2048x1536.jpg 2048w\" sizes=\"(max-width: 1024px) 100vw, 1024px\" \/><\/figure>\n\n\n\n<figure class=\"wp-block-image aligncenter size-full\"><img decoding=\"async\" width=\"2560\" height=\"1920\" src=\"https:\/\/daviddominguezdesign.es\/wp-content\/uploads\/2025\/11\/IDENTIDAD-VISUAL-1-scaled.jpg\" alt=\"\" class=\"wp-image-589\" srcset=\"https:\/\/www.daviddominguezdesign.es\/wp-content\/uploads\/2025\/11\/IDENTIDAD-VISUAL-1-scaled.jpg 2560w, https:\/\/www.daviddominguezdesign.es\/wp-content\/uploads\/2025\/11\/IDENTIDAD-VISUAL-1-300x225.jpg 300w, https:\/\/www.daviddominguezdesign.es\/wp-content\/uploads\/2025\/11\/IDENTIDAD-VISUAL-1-1024x768.jpg 1024w, https:\/\/www.daviddominguezdesign.es\/wp-content\/uploads\/2025\/11\/IDENTIDAD-VISUAL-1-768x576.jpg 768w, https:\/\/www.daviddominguezdesign.es\/wp-content\/uploads\/2025\/11\/IDENTIDAD-VISUAL-1-1536x1152.jpg 1536w, https:\/\/www.daviddominguezdesign.es\/wp-content\/uploads\/2025\/11\/IDENTIDAD-VISUAL-1-2048x1536.jpg 2048w\" sizes=\"(max-width: 2560px) 100vw, 2560px\" \/><\/figure>\n\n\n\n<figure class=\"wp-block-image size-large\"><img loading=\"lazy\" decoding=\"async\" width=\"1024\" height=\"768\" src=\"https:\/\/daviddominguezdesign.es\/wp-content\/uploads\/2025\/11\/LOGO-CEL-MOCKUP-2-1024x768.jpg\" alt=\"\" class=\"wp-image-585\" srcset=\"https:\/\/www.daviddominguezdesign.es\/wp-content\/uploads\/2025\/11\/LOGO-CEL-MOCKUP-2-1024x768.jpg 1024w, https:\/\/www.daviddominguezdesign.es\/wp-content\/uploads\/2025\/11\/LOGO-CEL-MOCKUP-2-300x225.jpg 300w, https:\/\/www.daviddominguezdesign.es\/wp-content\/uploads\/2025\/11\/LOGO-CEL-MOCKUP-2-768x576.jpg 768w, https:\/\/www.daviddominguezdesign.es\/wp-content\/uploads\/2025\/11\/LOGO-CEL-MOCKUP-2-1536x1152.jpg 1536w, https:\/\/www.daviddominguezdesign.es\/wp-content\/uploads\/2025\/11\/LOGO-CEL-MOCKUP-2-2048x1536.jpg 2048w\" sizes=\"(max-width: 1024px) 100vw, 1024px\" \/><\/figure>\n\n\n\n<figure class=\"wp-block-image size-large\"><img loading=\"lazy\" decoding=\"async\" width=\"1024\" height=\"768\" src=\"https:\/\/daviddominguezdesign.es\/wp-content\/uploads\/2025\/11\/LOGO-CEL-MOCKUP-3-1024x768.jpg\" alt=\"\" class=\"wp-image-586\" srcset=\"https:\/\/www.daviddominguezdesign.es\/wp-content\/uploads\/2025\/11\/LOGO-CEL-MOCKUP-3-1024x768.jpg 1024w, https:\/\/www.daviddominguezdesign.es\/wp-content\/uploads\/2025\/11\/LOGO-CEL-MOCKUP-3-300x225.jpg 300w, https:\/\/www.daviddominguezdesign.es\/wp-content\/uploads\/2025\/11\/LOGO-CEL-MOCKUP-3-768x576.jpg 768w, https:\/\/www.daviddominguezdesign.es\/wp-content\/uploads\/2025\/11\/LOGO-CEL-MOCKUP-3-1536x1152.jpg 1536w, https:\/\/www.daviddominguezdesign.es\/wp-content\/uploads\/2025\/11\/LOGO-CEL-MOCKUP-3-2048x1536.jpg 2048w\" sizes=\"(max-width: 1024px) 100vw, 1024px\" \/><\/figure>\n","protected":false},"excerpt":{"rendered":"<p>El logotipo de las comunidades energ\u00e9ticas de Lugo (CEL) representa la uni\u00f3n entre historia, sostenibilidad y naturaleza. La letra \u201ce\u201d incorpora un puente romano en verde y un r\u00edo en azul, simbolizando herencia cultural, energ\u00eda y conexi\u00f3n con el mar. Los colores reflejan el entorno rural y la sostenibilidad (verde) junto con el mar y&#8230;<\/p>\n","protected":false},"author":1,"featured_media":0,"parent":0,"menu_order":0,"comment_status":"closed","ping_status":"closed","template":"","meta":{"footnotes":""},"class_list":["post-513","page","type-page","status-publish","hentry"],"_links":{"self":[{"href":"https:\/\/www.daviddominguezdesign.es\/index.php?rest_route=\/wp\/v2\/pages\/513","targetHints":{"allow":["GET"]}}],"collection":[{"href":"https:\/\/www.daviddominguezdesign.es\/index.php?rest_route=\/wp\/v2\/pages"}],"about":[{"href":"https:\/\/www.daviddominguezdesign.es\/index.php?rest_route=\/wp\/v2\/types\/page"}],"author":[{"embeddable":true,"href":"https:\/\/www.daviddominguezdesign.es\/index.php?rest_route=\/wp\/v2\/users\/1"}],"replies":[{"embeddable":true,"href":"https:\/\/www.daviddominguezdesign.es\/index.php?rest_route=%2Fwp%2Fv2%2Fcomments&post=513"}],"version-history":[{"count":22,"href":"https:\/\/www.daviddominguezdesign.es\/index.php?rest_route=\/wp\/v2\/pages\/513\/revisions"}],"predecessor-version":[{"id":614,"href":"https:\/\/www.daviddominguezdesign.es\/index.php?rest_route=\/wp\/v2\/pages\/513\/revisions\/614"}],"wp:attachment":[{"href":"https:\/\/www.daviddominguezdesign.es\/index.php?rest_route=%2Fwp%2Fv2%2Fmedia&parent=513"}],"curies":[{"name":"wp","href":"https:\/\/api.w.org\/{rel}","templated":true}]}}