{"id":538,"date":"2025-11-09T23:38:14","date_gmt":"2025-11-09T23:38:14","guid":{"rendered":"http:\/\/daviddominguezdesign.es\/?page_id=538"},"modified":"2025-12-14T14:36:41","modified_gmt":"2025-12-14T14:36:41","slug":"flyer-de-promocion-o-coral","status":"publish","type":"page","link":"https:\/\/www.daviddominguezdesign.es\/?page_id=538","title":{"rendered":"O Coral"},"content":{"rendered":"\n<figure class=\"wp-block-image aligncenter size-large\"><img fetchpriority=\"high\" decoding=\"async\" width=\"1024\" height=\"724\" src=\"https:\/\/daviddominguezdesign.es\/wp-content\/uploads\/2025\/12\/DISENO-FLYER-CORAL-1024x724.jpg\" alt=\"\" class=\"wp-image-655\" srcset=\"https:\/\/www.daviddominguezdesign.es\/wp-content\/uploads\/2025\/12\/DISENO-FLYER-CORAL-1024x724.jpg 1024w, https:\/\/www.daviddominguezdesign.es\/wp-content\/uploads\/2025\/12\/DISENO-FLYER-CORAL-300x212.jpg 300w, https:\/\/www.daviddominguezdesign.es\/wp-content\/uploads\/2025\/12\/DISENO-FLYER-CORAL-768x543.jpg 768w, https:\/\/www.daviddominguezdesign.es\/wp-content\/uploads\/2025\/12\/DISENO-FLYER-CORAL-1536x1086.jpg 1536w, https:\/\/www.daviddominguezdesign.es\/wp-content\/uploads\/2025\/12\/DISENO-FLYER-CORAL-2048x1448.jpg 2048w\" sizes=\"(max-width: 1024px) 100vw, 1024px\" \/><\/figure>\n\n\n\n<p class=\"has-primary-color has-text-color has-link-color wp-elements-1f049be43b5cf9ea29f867030a0b570e\">Dise\u00f1o de flyer de promoci\u00f3n para O Coral, una empresa de congelados ubicada en Lugo. El objetivo fue destacar uno de sus productos estrella, el pulpo de las r\u00edas, incluyendo su precio por kilo, usando una composici\u00f3n llamativa y colores marinos que refuerzan la identidad de la marca, cuidando especialmente la jerarqu\u00eda visual y la legibilidad para lograr un impacto inmediato en el punto de venta.<\/p>\n\n\n\n<figure class=\"wp-block-image size-large\"><img decoding=\"async\" width=\"1024\" height=\"768\" src=\"https:\/\/daviddominguezdesign.es\/wp-content\/uploads\/2025\/11\/FLYER-O-CORAL-1024x768.jpg\" alt=\"\" class=\"wp-image-587\" srcset=\"https:\/\/www.daviddominguezdesign.es\/wp-content\/uploads\/2025\/11\/FLYER-O-CORAL-1024x768.jpg 1024w, https:\/\/www.daviddominguezdesign.es\/wp-content\/uploads\/2025\/11\/FLYER-O-CORAL-300x225.jpg 300w, https:\/\/www.daviddominguezdesign.es\/wp-content\/uploads\/2025\/11\/FLYER-O-CORAL-768x576.jpg 768w, https:\/\/www.daviddominguezdesign.es\/wp-content\/uploads\/2025\/11\/FLYER-O-CORAL-1536x1152.jpg 1536w, https:\/\/www.daviddominguezdesign.es\/wp-content\/uploads\/2025\/11\/FLYER-O-CORAL-2048x1536.jpg 2048w\" sizes=\"(max-width: 1024px) 100vw, 1024px\" \/><\/figure>\n","protected":false},"excerpt":{"rendered":"<p>Dise\u00f1o de flyer de promoci\u00f3n para O Coral, una empresa de congelados ubicada en Lugo. El objetivo fue destacar uno de sus productos estrella, el pulpo de las r\u00edas, incluyendo su precio por kilo, usando una composici\u00f3n llamativa y colores marinos que refuerzan la identidad de la marca, cuidando especialmente la jerarqu\u00eda visual y la&#8230;<\/p>\n","protected":false},"author":1,"featured_media":0,"parent":0,"menu_order":0,"comment_status":"closed","ping_status":"closed","template":"","meta":{"footnotes":""},"class_list":["post-538","page","type-page","status-publish","hentry"],"_links":{"self":[{"href":"https:\/\/www.daviddominguezdesign.es\/index.php?rest_route=\/wp\/v2\/pages\/538","targetHints":{"allow":["GET"]}}],"collection":[{"href":"https:\/\/www.daviddominguezdesign.es\/index.php?rest_route=\/wp\/v2\/pages"}],"about":[{"href":"https:\/\/www.daviddominguezdesign.es\/index.php?rest_route=\/wp\/v2\/types\/page"}],"author":[{"embeddable":true,"href":"https:\/\/www.daviddominguezdesign.es\/index.php?rest_route=\/wp\/v2\/users\/1"}],"replies":[{"embeddable":true,"href":"https:\/\/www.daviddominguezdesign.es\/index.php?rest_route=%2Fwp%2Fv2%2Fcomments&post=538"}],"version-history":[{"count":17,"href":"https:\/\/www.daviddominguezdesign.es\/index.php?rest_route=\/wp\/v2\/pages\/538\/revisions"}],"predecessor-version":[{"id":656,"href":"https:\/\/www.daviddominguezdesign.es\/index.php?rest_route=\/wp\/v2\/pages\/538\/revisions\/656"}],"wp:attachment":[{"href":"https:\/\/www.daviddominguezdesign.es\/index.php?rest_route=%2Fwp%2Fv2%2Fmedia&parent=538"}],"curies":[{"name":"wp","href":"https:\/\/api.w.org\/{rel}","templated":true}]}}