{"id":549,"date":"2025-11-09T23:38:32","date_gmt":"2025-11-09T23:38:32","guid":{"rendered":"http:\/\/daviddominguezdesign.es\/?page_id=549"},"modified":"2025-12-13T14:16:15","modified_gmt":"2025-12-13T14:16:15","slug":"campana-easd-ramon-falcon","status":"publish","type":"page","link":"https:\/\/www.daviddominguezdesign.es\/?page_id=549","title":{"rendered":"EASD Ram\u00f3n Falc\u00f3n"},"content":{"rendered":"\n<div class=\"wp-block-group fotawp-portfolio-section has-background-background-color has-background is-layout-constrained wp-container-core-group-is-layout-254f1302 wp-block-group-is-layout-constrained\" style=\"padding-top:0;padding-right:0;padding-bottom:0;padding-left:0\">\n<figure class=\"wp-block-image size-large\"><img fetchpriority=\"high\" decoding=\"async\" width=\"1024\" height=\"768\" src=\"https:\/\/daviddominguezdesign.es\/wp-content\/uploads\/2025\/11\/CARTEL-EASD-1-1-1024x768.jpg\" alt=\"\" class=\"wp-image-555\" srcset=\"https:\/\/www.daviddominguezdesign.es\/wp-content\/uploads\/2025\/11\/CARTEL-EASD-1-1-1024x768.jpg 1024w, https:\/\/www.daviddominguezdesign.es\/wp-content\/uploads\/2025\/11\/CARTEL-EASD-1-1-300x225.jpg 300w, https:\/\/www.daviddominguezdesign.es\/wp-content\/uploads\/2025\/11\/CARTEL-EASD-1-1-768x576.jpg 768w, https:\/\/www.daviddominguezdesign.es\/wp-content\/uploads\/2025\/11\/CARTEL-EASD-1-1-1536x1152.jpg 1536w, https:\/\/www.daviddominguezdesign.es\/wp-content\/uploads\/2025\/11\/CARTEL-EASD-1-1-2048x1536.jpg 2048w\" sizes=\"(max-width: 1024px) 100vw, 1024px\" \/><\/figure>\n\n\n\n<figure class=\"wp-block-image size-large\"><img decoding=\"async\" width=\"1024\" height=\"768\" src=\"https:\/\/daviddominguezdesign.es\/wp-content\/uploads\/2025\/11\/CARTEL-EASD-2-1-1024x768.jpg\" alt=\"\" class=\"wp-image-556\" srcset=\"https:\/\/www.daviddominguezdesign.es\/wp-content\/uploads\/2025\/11\/CARTEL-EASD-2-1-1024x768.jpg 1024w, https:\/\/www.daviddominguezdesign.es\/wp-content\/uploads\/2025\/11\/CARTEL-EASD-2-1-300x225.jpg 300w, https:\/\/www.daviddominguezdesign.es\/wp-content\/uploads\/2025\/11\/CARTEL-EASD-2-1-768x576.jpg 768w, https:\/\/www.daviddominguezdesign.es\/wp-content\/uploads\/2025\/11\/CARTEL-EASD-2-1-1536x1152.jpg 1536w, https:\/\/www.daviddominguezdesign.es\/wp-content\/uploads\/2025\/11\/CARTEL-EASD-2-1-2048x1536.jpg 2048w\" sizes=\"(max-width: 1024px) 100vw, 1024px\" \/><\/figure>\n\n\n\n<figure class=\"wp-block-image size-large\"><img decoding=\"async\" width=\"1024\" height=\"768\" src=\"https:\/\/daviddominguezdesign.es\/wp-content\/uploads\/2025\/11\/CARTEL-EASD-3-1-1024x768.jpg\" alt=\"\" class=\"wp-image-557\" srcset=\"https:\/\/www.daviddominguezdesign.es\/wp-content\/uploads\/2025\/11\/CARTEL-EASD-3-1-1024x768.jpg 1024w, https:\/\/www.daviddominguezdesign.es\/wp-content\/uploads\/2025\/11\/CARTEL-EASD-3-1-300x225.jpg 300w, https:\/\/www.daviddominguezdesign.es\/wp-content\/uploads\/2025\/11\/CARTEL-EASD-3-1-768x576.jpg 768w, https:\/\/www.daviddominguezdesign.es\/wp-content\/uploads\/2025\/11\/CARTEL-EASD-3-1-1536x1152.jpg 1536w, https:\/\/www.daviddominguezdesign.es\/wp-content\/uploads\/2025\/11\/CARTEL-EASD-3-1-2048x1536.jpg 2048w\" sizes=\"(max-width: 1024px) 100vw, 1024px\" \/><\/figure>\n\n\n\n<p class=\"has-primary-color has-text-color has-link-color wp-elements-2db27ae6d70c3427b8428123a880e8a6\">Este proyecto consiste en el dise\u00f1o de una campa\u00f1a gr\u00e1fica para promocionar la oferta educativa de la EASD Ram\u00f3n Falc\u00f3n de Lugo. La campa\u00f1a se articula en torno a tres carteles principales, enfocados en las modalidades formativas que ofrece el centro, dentro del \u00e1mbito del dise\u00f1o y las artes. Cada cartel ha sido concebido con una identidad visual propia, pero manteniendo una coherencia gr\u00e1fica com\u00fan que refuerza la imagen institucional de la escuela. El objetivo es captar la atenci\u00f3n de futuros estudiantes, destacar la calidad de la ense\u00f1anza art\u00edstica y dar visibilidad a la diversidad de especialidades que ofrece el centro.<\/p>\n<\/div>\n","protected":false},"excerpt":{"rendered":"<p>Este proyecto consiste en el dise\u00f1o de una campa\u00f1a gr\u00e1fica para promocionar la oferta educativa de la EASD Ram\u00f3n Falc\u00f3n de Lugo. La campa\u00f1a se articula en torno a tres carteles principales, enfocados en las modalidades formativas que ofrece el centro, dentro del \u00e1mbito del dise\u00f1o y las artes. Cada cartel ha sido concebido con&#8230;<\/p>\n","protected":false},"author":1,"featured_media":0,"parent":0,"menu_order":0,"comment_status":"closed","ping_status":"closed","template":"","meta":{"footnotes":""},"class_list":["post-549","page","type-page","status-publish","hentry"],"_links":{"self":[{"href":"https:\/\/www.daviddominguezdesign.es\/index.php?rest_route=\/wp\/v2\/pages\/549","targetHints":{"allow":["GET"]}}],"collection":[{"href":"https:\/\/www.daviddominguezdesign.es\/index.php?rest_route=\/wp\/v2\/pages"}],"about":[{"href":"https:\/\/www.daviddominguezdesign.es\/index.php?rest_route=\/wp\/v2\/types\/page"}],"author":[{"embeddable":true,"href":"https:\/\/www.daviddominguezdesign.es\/index.php?rest_route=\/wp\/v2\/users\/1"}],"replies":[{"embeddable":true,"href":"https:\/\/www.daviddominguezdesign.es\/index.php?rest_route=%2Fwp%2Fv2%2Fcomments&post=549"}],"version-history":[{"count":9,"href":"https:\/\/www.daviddominguezdesign.es\/index.php?rest_route=\/wp\/v2\/pages\/549\/revisions"}],"predecessor-version":[{"id":652,"href":"https:\/\/www.daviddominguezdesign.es\/index.php?rest_route=\/wp\/v2\/pages\/549\/revisions\/652"}],"wp:attachment":[{"href":"https:\/\/www.daviddominguezdesign.es\/index.php?rest_route=%2Fwp%2Fv2%2Fmedia&parent=549"}],"curies":[{"name":"wp","href":"https:\/\/api.w.org\/{rel}","templated":true}]}}