{"id":600,"date":"2025-11-17T17:15:35","date_gmt":"2025-11-17T17:15:35","guid":{"rendered":"http:\/\/daviddominguezdesign.es\/?page_id=600"},"modified":"2025-11-17T17:15:35","modified_gmt":"2025-11-17T17:15:35","slug":"politica-de-privacidad","status":"publish","type":"page","link":"https:\/\/www.daviddominguezdesign.es\/?page_id=600","title":{"rendered":"Pol\u00edtica de privacidad"},"content":{"rendered":"\n<p class=\"has-primary-color has-text-color has-link-color wp-elements-08ab6daf2fbcfbb00a79975759548db1\">\u00daltima actualizaci\u00f3n: 17\/11\/2025<\/p>\n\n\n\n<p class=\"has-primary-color has-text-color has-link-color wp-elements-e80face1992ae654b8fa7891780780b7\">En cumplimiento del Reglamento (UE) 2016\/679, General de Protecci\u00f3n de Datos (RGPD), y de la Ley Org\u00e1nica 3\/2018, de 5 de diciembre, de Protecci\u00f3n de Datos Personales y garant\u00eda de los derechos digitales (LOPDGDD), se informa a los usuarios del sitio web <a href=\"https:\/\/daviddominguezdesign.es\/\"><strong>https:\/\/daviddominguezdesign.es\/<\/strong><\/a> sobre el tratamiento de sus datos personales. El responsable del tratamiento es David Dom\u00ednguez, quien puede ser contactado a trav\u00e9s del correo electr\u00f3nico <a><strong>proyectos@daviddominguezdesign.es<\/strong><\/a>.<\/p>\n\n\n\n<ol class=\"wp-block-list has-primary-color has-text-color has-link-color wp-elements-16804745d003f9a2adb458778b088b80\">\n<li>Datos personales que se recopilan<br>A trav\u00e9s del Sitio Web pueden recopilarse los siguientes datos personales: nombre y apellidos (si el usuario los facilita), direcci\u00f3n de correo electr\u00f3nico, informaci\u00f3n proporcionada voluntariamente en mensajes o solicitudes, as\u00ed como datos t\u00e9cnicos de navegaci\u00f3n (cookies, direcci\u00f3n IP, tipo de navegador, etc.).<\/li>\n\n\n\n<li>Finalidad del tratamiento<br>Los datos personales ser\u00e1n tratados con las siguientes finalidades: gestionar y responder a consultas enviadas por el usuario; mantener la comunicaci\u00f3n con personas interesadas en los servicios ofrecidos; gestionar posibles encargos profesionales de dise\u00f1o gr\u00e1fico; y realizar an\u00e1lisis estad\u00edsticos y de navegaci\u00f3n mediante cookies.<\/li>\n\n\n\n<li>Legitimaci\u00f3n del tratamiento<br>El tratamiento de los datos se basa en el consentimiento del usuario al contactar voluntariamente con el titular, as\u00ed como en el inter\u00e9s leg\u00edtimo de garantizar el correcto funcionamiento del Sitio Web.<\/li>\n\n\n\n<li>Conservaci\u00f3n de datos<br>Los datos personales se conservar\u00e1n \u00fanicamente durante el tiempo necesario para cumplir con la finalidad para la que fueron recabados y mientras exista una relaci\u00f3n o inter\u00e9s por parte del usuario.<\/li>\n\n\n\n<li>Destinatarios de los datos<br>No se ceder\u00e1n datos personales a terceros, salvo obligaci\u00f3n legal o aquellos proveedores estrictamente necesarios para el funcionamiento del Sitio Web, los cuales cumplen con la normativa de protecci\u00f3n de datos.<\/li>\n\n\n\n<li>Derechos de los usuarios<br>El usuario puede ejercer sus derechos de acceso, rectificaci\u00f3n, supresi\u00f3n, oposici\u00f3n, limitaci\u00f3n y portabilidad enviando un correo electr\u00f3nico a <a><strong>proyectos@daviddominguezdesign.es<\/strong><\/a> con el asunto \u201cEjercicio de derechos de protecci\u00f3n de datos\u201d. El usuario tambi\u00e9n tiene derecho a presentar una reclamaci\u00f3n ante la Agencia Espa\u00f1ola de Protecci\u00f3n de Datos si considera que sus derechos no han sido atendidos correctamente.<\/li>\n\n\n\n<li>Cookies<br>El Sitio Web utiliza cookies propias y de terceros con fines t\u00e9cnicos y anal\u00edticos. El usuario puede obtener m\u00e1s informaci\u00f3n o configurar sus preferencias a trav\u00e9s de la Pol\u00edtica de Cookies disponible en el Sitio Web.<\/li>\n\n\n\n<li>Seguridad<br>Se aplican medidas t\u00e9cnicas y organizativas adecuadas para garantizar la seguridad y confidencialidad de los datos personales, evitando su alteraci\u00f3n, p\u00e9rdida o acceso no autorizado.<\/li>\n\n\n\n<li>Modificaciones de la Pol\u00edtica de Privacidad<br>El titular podr\u00e1 modificar la presente Pol\u00edtica de Privacidad cuando resulte necesario. Las actualizaciones ser\u00e1n publicadas en esta misma p\u00e1gina.<\/li>\n<\/ol>\n","protected":false},"excerpt":{"rendered":"<p>\u00daltima actualizaci\u00f3n: 17\/11\/2025 En cumplimiento del Reglamento (UE) 2016\/679, General de Protecci\u00f3n de Datos (RGPD), y de la Ley Org\u00e1nica 3\/2018, de 5 de diciembre, de Protecci\u00f3n de Datos Personales y garant\u00eda de los derechos digitales (LOPDGDD), se informa a los usuarios del sitio web https:\/\/daviddominguezdesign.es\/ sobre el tratamiento de sus datos personales. El responsable&#8230;<\/p>\n","protected":false},"author":1,"featured_media":0,"parent":0,"menu_order":0,"comment_status":"closed","ping_status":"closed","template":"","meta":{"footnotes":""},"class_list":["post-600","page","type-page","status-publish","hentry"],"_links":{"self":[{"href":"https:\/\/www.daviddominguezdesign.es\/index.php?rest_route=\/wp\/v2\/pages\/600","targetHints":{"allow":["GET"]}}],"collection":[{"href":"https:\/\/www.daviddominguezdesign.es\/index.php?rest_route=\/wp\/v2\/pages"}],"about":[{"href":"https:\/\/www.daviddominguezdesign.es\/index.php?rest_route=\/wp\/v2\/types\/page"}],"author":[{"embeddable":true,"href":"https:\/\/www.daviddominguezdesign.es\/index.php?rest_route=\/wp\/v2\/users\/1"}],"replies":[{"embeddable":true,"href":"https:\/\/www.daviddominguezdesign.es\/index.php?rest_route=%2Fwp%2Fv2%2Fcomments&post=600"}],"version-history":[{"count":4,"href":"https:\/\/www.daviddominguezdesign.es\/index.php?rest_route=\/wp\/v2\/pages\/600\/revisions"}],"predecessor-version":[{"id":611,"href":"https:\/\/www.daviddominguezdesign.es\/index.php?rest_route=\/wp\/v2\/pages\/600\/revisions\/611"}],"wp:attachment":[{"href":"https:\/\/www.daviddominguezdesign.es\/index.php?rest_route=%2Fwp%2Fv2%2Fmedia&parent=600"}],"curies":[{"name":"wp","href":"https:\/\/api.w.org\/{rel}","templated":true}]}}